{"id":409,"date":"2025-02-10T13:59:38","date_gmt":"2025-02-10T12:59:38","guid":{"rendered":"https:\/\/www.sfabig.de\/?page_id=409"},"modified":"2025-02-10T13:59:40","modified_gmt":"2025-02-10T12:59:40","slug":"impressum","status":"publish","type":"page","link":"https:\/\/www.sfabig.de\/?page_id=409","title":{"rendered":"Impressum"},"content":{"rendered":"\t\t<div data-elementor-type=\"wp-page\" data-elementor-id=\"409\" class=\"elementor elementor-409\" data-elementor-post-type=\"page\">\n\t\t\t\t\t\t<section class=\"elementor-section elementor-top-section elementor-element elementor-element-7e86ae9c elementor-section-boxed elementor-section-height-default elementor-section-height-default\" data-id=\"7e86ae9c\" data-element_type=\"section\" data-e-type=\"section\" data-settings=\"{&quot;background_background&quot;:&quot;classic&quot;,&quot;shape_divider_bottom&quot;:&quot;tilt&quot;}\">\n\t\t\t\t\t\t\t<div class=\"elementor-background-overlay\"><\/div>\n\t\t\t\t\t\t<div class=\"elementor-shape elementor-shape-bottom\" aria-hidden=\"true\" data-negative=\"false\">\n\t\t\t<svg xmlns=\"http:\/\/www.w3.org\/2000\/svg\" viewBox=\"0 0 1000 100\" preserveAspectRatio=\"none\">\n\t<path class=\"elementor-shape-fill\" d=\"M0,6V0h1000v100L0,6z\"\/>\n<\/svg>\t\t<\/div>\n\t\t\t\t\t<div class=\"elementor-container elementor-column-gap-default\">\n\t\t\t\t\t<div class=\"elementor-column elementor-col-100 elementor-top-column elementor-element elementor-element-7bec7501\" data-id=\"7bec7501\" data-element_type=\"column\" data-e-type=\"column\" data-settings=\"{&quot;background_background&quot;:&quot;classic&quot;}\">\n\t\t\t<div class=\"elementor-widget-wrap elementor-element-populated\">\n\t\t\t\t\t\t<div class=\"elementor-element elementor-element-39be1844 elementor-invisible elementor-widget elementor-widget-heading\" data-id=\"39be1844\" data-element_type=\"widget\" data-e-type=\"widget\" data-settings=\"{&quot;_animation&quot;:&quot;fadeInUp&quot;,&quot;_animation_delay&quot;:200}\" data-widget_type=\"heading.default\">\n\t\t\t\t<div class=\"elementor-widget-container\">\n\t\t\t\t\t<h1 class=\"elementor-heading-title elementor-size-default\">Impressum\n<\/h1>\t\t\t\t<\/div>\n\t\t\t\t<\/div>\n\t\t\t\t<div class=\"elementor-element elementor-element-55ac6d71 elementor-invisible elementor-widget elementor-widget-heading\" data-id=\"55ac6d71\" data-element_type=\"widget\" data-e-type=\"widget\" data-settings=\"{&quot;_animation&quot;:&quot;fadeInUp&quot;,&quot;_animation_delay&quot;:300}\" data-widget_type=\"heading.default\">\n\t\t\t\t<div class=\"elementor-widget-container\">\n\t\t\t\t\t<h4 class=\"elementor-heading-title elementor-size-default\">Alle Infos auf einen Blick.<\/h4>\t\t\t\t<\/div>\n\t\t\t\t<\/div>\n\t\t\t\t\t<\/div>\n\t\t<\/div>\n\t\t\t\t\t<\/div>\n\t\t<\/section>\n\t\t<div class=\"elementor-element elementor-element-276e5f7 e-flex e-con-boxed e-con e-parent\" data-id=\"276e5f7\" data-element_type=\"container\" data-e-type=\"container\">\n\t\t\t\t\t<div class=\"e-con-inner\">\n\t\t\t\t<div class=\"elementor-element elementor-element-bdf4416 elementor-widget elementor-widget-text-editor\" data-id=\"bdf4416\" data-element_type=\"widget\" data-e-type=\"widget\" data-widget_type=\"text-editor.default\">\n\t\t\t\t<div class=\"elementor-widget-container\">\n\t\t\t\t\t\t\t\t\t<h5>Angaben<strong> gem. \u00a7 5 TMG<\/strong><\/h5><p><strong>Betreiber und Kontakt:<\/strong><\/p><p>Versicherungsmakler\u00a0Steffen Fabig<\/p><p>Langer Grund 7a\u00a0<br \/>98553 Schleusingen OT Breitenbach\u00a0<\/p><p>E-Mail:\u00a0<a href=\"mailto:info@sfabig.de\">info@sfabig.de<\/a><br \/>Web:\u00a0<a href=\"http:\/\/www.sfabig.de\/\">www.sfabig.de<\/a><\/p><p>Telefon: +49 36841 48220<\/p><p>Genehmigung gem. \u00a7 34d Abs. 1 GewO erteilt durch IHK S\u00fcdth\u00fcringeneingetragen im Versicherungsvermittlerregister unter der Nummer <b>D-XY4K-2K1H2-78<\/b><\/p><p>Steuernummer: 170\/218\/00899<\/p><p><strong><span style=\"text-align: var(--text-align); font-size: 1rem;\">Verantwortlicher f\u00fcr journalistisch-redaktionelle Inhalte gem. \u00a7 55 II RstV:\u00a0<\/span><\/strong><\/p><p>Steffen Fabig\u00a0<\/p><p><strong>Streitschlichtung<\/strong><br \/>Die Europ\u00e4ische Kommission stellt eine Plattform zur Online-Streitbeilegung (OS) bereit:<br \/><a href=\"https:\/\/ec.europa.eu\/consumers\/odr\">https:\/\/ec.europa.eu\/consumers\/odr<\/a>\u00a0Unsere E-Mail-Adresse finden Sie oben im Impressum.<\/p><p>Wir sind nicht bereit oder verpflichtet, an Streitbeilegungsverfahren vor einer Verbraucherschlichtungsstelle teilzunehmen.<\/p><p><strong>Haftung f\u00fcr Inhalte<\/strong><br \/>Als Diensteanbieter sind wir gem\u00e4\u00df \u00a7 7 Abs.1 TMG f\u00fcr eigene Inhalte auf diesen Seiten nach den allgemeinen Gesetzen verantwortlich. Nach \u00a7\u00a7 8 bis 10 TMG sind wir als Diensteanbieter jedoch nicht verpflichtet, \u00fcbermittelte oder gespeicherte fremde\u00a0<\/p><p>Informationen zu \u00fcberwachen oder nach Umst\u00e4nden zu forschen, die auf eine rechtswidrige T\u00e4tigkeit hinweisen.Verpflichtungen zur Entfernung oder Sperrung der Nutzung von Informationen nach den allgemeinen Gesetzen bleiben hiervon unber\u00fchrt. Eine diesbez\u00fcgliche Haftung ist jedoch erst ab dem Zeitpunkt der Kenntnis einer konkreten Rechtsverletzung m\u00f6glich. Bei Bekanntwerden von entsprechenden Rechtsverletzungen werden wir diese Inhalte umgehend entfernen.<\/p><p><strong>Haftung f\u00fcr Links<\/strong><br \/>Unser Angebot enth\u00e4lt Links zu externen Webseiten Dritter, auf deren Inhalte wir keinen Einfluss haben. Deshalb k\u00f6nnen wir f\u00fcr diese fremden Inhalte auch keine Gew\u00e4hr \u00fcbernehmen. F\u00fcr die Inhalte der verlinkten Seiten ist stets der jeweilige Anbieter oder Betreiber der Seiten verantwortlich. Die verlinkten Seiten wurden zum Zeitpunkt der Verlinkung auf m\u00f6gliche Rechtsverst\u00f6\u00dfe \u00fcberpr\u00fcft. Rechtswidrige Inhalte waren zum Zeitpunkt der Verlinkung nicht erkennbar.<\/p><p>Eine permanente inhaltliche Kontrolle der verlinkten Seiten ist jedoch ohne konkrete Anhaltspunkte einer Rechtsverletzung nicht zumutbar. Bei Bekanntwerden von Rechtsverletzungen werden wir derartige Links umgehend entfernen.<\/p><p><strong>Urheberrecht<\/strong><br \/>Die durch die Seitenbetreiber erstellten Inhalte und Werke auf diesen Seiten unterliegen dem deutschen Urheberrecht. Die Vervielf\u00e4ltigung, Bearbeitung, Verbreitung und jede Art der Verwertung au\u00dferhalb der Grenzen des Urheberrechtes bed\u00fcrfen der schriftlichen Zustimmung des jeweiligen Autors bzw. Erstellers. Downloads und Kopien dieser Seite sind nur f\u00fcr den privaten, nicht kommerziellen Gebrauch gestattet.<\/p><p>Soweit die Inhalte auf dieser Seite nicht vom Betreiber erstellt wurden, werden die Urheberrechte Dritter beachtet. Insbesondere werden Inhalte Dritter als solche gekennzeichnet. Sollten Sie trotzdem auf eine Urheberrechtsverletzung aufmerksam werden, bitten wir um einen entsprechenden Hinweis. Bei Bekanntwerden von Rechtsverletzungen werden wir derartige Inhalte umgehend entfernen.<\/p>\t\t\t\t\t\t\t\t<\/div>\n\t\t\t\t<\/div>\n\t\t\t\t\t<\/div>\n\t\t\t\t<\/div>\n\t\t\t\t<\/div>\n\t\t","protected":false},"excerpt":{"rendered":"<p>Impressum Alle Infos auf einen Blick. Angaben gem. \u00a7 5 TMG Betreiber und Kontakt: Versicherungsmakler\u00a0Steffen Fabig Langer Grund 7a\u00a098553 Schleusingen OT Breitenbach\u00a0 E-Mail:\u00a0info@sfabig.deWeb:\u00a0www.sfabig.de Telefon: +49 36841 48220 Genehmigung gem. \u00a7 34d Abs. 1 GewO erteilt durch IHK S\u00fcdth\u00fcringeneingetragen im Versicherungsvermittlerregister unter der Nummer D-XY4K-2K1H2-78 Steuernummer: 170\/218\/00899 Verantwortlicher f\u00fcr journalistisch-redaktionelle Inhalte gem. \u00a7 55 II RstV:\u00a0 [&hellip;]<\/p>\n","protected":false},"author":1,"featured_media":0,"parent":0,"menu_order":0,"comment_status":"closed","ping_status":"closed","template":"","meta":{"footnotes":""},"class_list":["post-409","page","type-page","status-publish","hentry"],"yoast_head":"<!-- This site is optimized with the Yoast SEO plugin v27.5 - https:\/\/yoast.com\/product\/yoast-seo-wordpress\/ -->\r\n<title>Impressum - Steffen Fabig<\/title>\r\n<meta name=\"description\" content=\"Alles wichtige und informelle rund um das Impressum von Steffen Fabig gibt es hier. Einfach zum nachlesen und informieren.\" \/>\r\n<meta name=\"robots\" content=\"index, follow, max-snippet:-1, max-image-preview:large, max-video-preview:-1\" \/>\r\n<link rel=\"canonical\" href=\"https:\/\/www.sfabig.de\/?page_id=409\" \/>\r\n<meta property=\"og:locale\" content=\"de_DE\" \/>\r\n<meta property=\"og:type\" content=\"article\" \/>\r\n<meta property=\"og:title\" content=\"Impressum - Steffen Fabig\" \/>\r\n<meta property=\"og:description\" content=\"Alles wichtige und informelle rund um das Impressum von Steffen Fabig gibt es hier. Einfach zum nachlesen und informieren.\" \/>\r\n<meta property=\"og:url\" content=\"https:\/\/www.sfabig.de\/?page_id=409\" \/>\r\n<meta property=\"article:modified_time\" content=\"2025-02-10T12:59:40+00:00\" \/>\r\n<meta name=\"twitter:card\" content=\"summary_large_image\" \/>\r\n<meta name=\"twitter:label1\" content=\"Gesch\u00e4tzte Lesezeit\" \/>\n\t<meta name=\"twitter:data1\" content=\"3\u00a0Minuten\" \/>\r\n<script type=\"application\/ld+json\" class=\"yoast-schema-graph\">{\"@context\":\"https:\\\/\\\/schema.org\",\"@graph\":[{\"@type\":\"WebPage\",\"@id\":\"https:\\\/\\\/www.sfabig.de\\\/?page_id=409\",\"url\":\"https:\\\/\\\/www.sfabig.de\\\/?page_id=409\",\"name\":\"Impressum - Steffen Fabig\",\"isPartOf\":{\"@id\":\"https:\\\/\\\/www.sfabig.de\\\/#website\"},\"datePublished\":\"2025-02-10T12:59:38+00:00\",\"dateModified\":\"2025-02-10T12:59:40+00:00\",\"description\":\"Alles wichtige und informelle rund um das Impressum von Steffen Fabig gibt es hier. Einfach zum nachlesen und informieren.\",\"breadcrumb\":{\"@id\":\"https:\\\/\\\/www.sfabig.de\\\/?page_id=409#breadcrumb\"},\"inLanguage\":\"de\",\"potentialAction\":[{\"@type\":\"ReadAction\",\"target\":[\"https:\\\/\\\/www.sfabig.de\\\/?page_id=409\"]}]},{\"@type\":\"BreadcrumbList\",\"@id\":\"https:\\\/\\\/www.sfabig.de\\\/?page_id=409#breadcrumb\",\"itemListElement\":[{\"@type\":\"ListItem\",\"position\":1,\"name\":\"Startseite\",\"item\":\"https:\\\/\\\/www.sfabig.de\\\/\"},{\"@type\":\"ListItem\",\"position\":2,\"name\":\"Impressum\"}]},{\"@type\":\"WebSite\",\"@id\":\"https:\\\/\\\/www.sfabig.de\\\/#website\",\"url\":\"https:\\\/\\\/www.sfabig.de\\\/\",\"name\":\"sfabig.de\",\"description\":\"\",\"potentialAction\":[{\"@type\":\"SearchAction\",\"target\":{\"@type\":\"EntryPoint\",\"urlTemplate\":\"https:\\\/\\\/www.sfabig.de\\\/?s={search_term_string}\"},\"query-input\":{\"@type\":\"PropertyValueSpecification\",\"valueRequired\":true,\"valueName\":\"search_term_string\"}}],\"inLanguage\":\"de\"}]}<\/script>\r\n<!-- \/ Yoast SEO plugin. -->","yoast_head_json":{"title":"Impressum - Steffen Fabig","description":"Alles wichtige und informelle rund um das Impressum von Steffen Fabig gibt es hier. Einfach zum nachlesen und informieren.","robots":{"index":"index","follow":"follow","max-snippet":"max-snippet:-1","max-image-preview":"max-image-preview:large","max-video-preview":"max-video-preview:-1"},"canonical":"https:\/\/www.sfabig.de\/?page_id=409","og_locale":"de_DE","og_type":"article","og_title":"Impressum - Steffen Fabig","og_description":"Alles wichtige und informelle rund um das Impressum von Steffen Fabig gibt es hier. Einfach zum nachlesen und informieren.","og_url":"https:\/\/www.sfabig.de\/?page_id=409","article_modified_time":"2025-02-10T12:59:40+00:00","twitter_card":"summary_large_image","twitter_misc":{"Gesch\u00e4tzte Lesezeit":"3\u00a0Minuten"},"schema":{"@context":"https:\/\/schema.org","@graph":[{"@type":"WebPage","@id":"https:\/\/www.sfabig.de\/?page_id=409","url":"https:\/\/www.sfabig.de\/?page_id=409","name":"Impressum - Steffen Fabig","isPartOf":{"@id":"https:\/\/www.sfabig.de\/#website"},"datePublished":"2025-02-10T12:59:38+00:00","dateModified":"2025-02-10T12:59:40+00:00","description":"Alles wichtige und informelle rund um das Impressum von Steffen Fabig gibt es hier. Einfach zum nachlesen und informieren.","breadcrumb":{"@id":"https:\/\/www.sfabig.de\/?page_id=409#breadcrumb"},"inLanguage":"de","potentialAction":[{"@type":"ReadAction","target":["https:\/\/www.sfabig.de\/?page_id=409"]}]},{"@type":"BreadcrumbList","@id":"https:\/\/www.sfabig.de\/?page_id=409#breadcrumb","itemListElement":[{"@type":"ListItem","position":1,"name":"Startseite","item":"https:\/\/www.sfabig.de\/"},{"@type":"ListItem","position":2,"name":"Impressum"}]},{"@type":"WebSite","@id":"https:\/\/www.sfabig.de\/#website","url":"https:\/\/www.sfabig.de\/","name":"sfabig.de","description":"","potentialAction":[{"@type":"SearchAction","target":{"@type":"EntryPoint","urlTemplate":"https:\/\/www.sfabig.de\/?s={search_term_string}"},"query-input":{"@type":"PropertyValueSpecification","valueRequired":true,"valueName":"search_term_string"}}],"inLanguage":"de"}]}},"_links":{"self":[{"href":"https:\/\/www.sfabig.de\/index.php?rest_route=\/wp\/v2\/pages\/409","targetHints":{"allow":["GET"]}}],"collection":[{"href":"https:\/\/www.sfabig.de\/index.php?rest_route=\/wp\/v2\/pages"}],"about":[{"href":"https:\/\/www.sfabig.de\/index.php?rest_route=\/wp\/v2\/types\/page"}],"author":[{"embeddable":true,"href":"https:\/\/www.sfabig.de\/index.php?rest_route=\/wp\/v2\/users\/1"}],"replies":[{"embeddable":true,"href":"https:\/\/www.sfabig.de\/index.php?rest_route=%2Fwp%2Fv2%2Fcomments&post=409"}],"version-history":[{"count":10,"href":"https:\/\/www.sfabig.de\/index.php?rest_route=\/wp\/v2\/pages\/409\/revisions"}],"predecessor-version":[{"id":420,"href":"https:\/\/www.sfabig.de\/index.php?rest_route=\/wp\/v2\/pages\/409\/revisions\/420"}],"wp:attachment":[{"href":"https:\/\/www.sfabig.de\/index.php?rest_route=%2Fwp%2Fv2%2Fmedia&parent=409"}],"curies":[{"name":"wp","href":"https:\/\/api.w.org\/{rel}","templated":true}]}}